{"id":9227,"date":"2019-01-19T22:08:09","date_gmt":"2019-01-20T00:08:09","guid":{"rendered":"https:\/\/colegiosantotomasuberlandia.org\/?page_id=3"},"modified":"2025-01-28T13:00:16","modified_gmt":"2025-01-28T16:00:16","slug":"como-nos-ajudar","status":"publish","type":"page","link":"https:\/\/colegiosantotomasuberlandia.org\/?page_id=9227","title":{"rendered":"Como nos ajudar"},"content":{"rendered":"<h1>Como nos ajudar<\/h1>\n<p style=\"text-align: justify;\"><span style=\"color: #000000;\">Confira algumas formas de como nos ajudar na concretiza\u00e7\u00e3o de uma nova forma de educa\u00e7\u00e3o cat\u00f3lica em Uberl\u00e2ndia:<\/span><\/p>\n<p><span style=\"color: #000000;\"><!--more--><\/span><\/p>\n<h3 style=\"text-align: center;\"><span style=\"color: #000000;\">FINANCEIRAMENTE:<\/span><\/h3>\n<p style=\"text-align: justify;\"><span style=\"color: #000000;\">Voc\u00ea pode contribuir financeiramente com nosso projeto atrav\u00e9s de contribui\u00e7\u00e3o de qualquer valor (toda ajuda \u00e9 bem-vinda), para a seguinte conta:\u00a0<\/span><\/p>\n<p style=\"text-align: center;\"><span style=\"color: #000000;\"><strong>Associa\u00e7\u00e3o Civil Irmandade Nossa Senhora do Carmo<\/strong><\/span><br \/><span style=\"color: #000000;\"><strong>CNPJ<\/strong>: 22.603.477\/0001-02<\/span><br \/><span style=\"color: #000000;\"><strong>Conta Corrente<\/strong>: 1065300<\/span><br \/><span style=\"color: #000000;\"><strong>Ag\u00eancia<\/strong>: 4264<\/span><br \/><span style=\"color: #000000;\"><em><strong>Banco SICOOB ARACOP<\/strong><\/em><\/span><br \/><span style=\"color: #000000;\"><strong>Pix<\/strong>: colegio@irmandadedocarmo.org<\/span><\/p>\n<hr \/>\n<h3 style=\"text-align: center;\"><span style=\"color: #000000;\">DIVULGANDO:<\/span><\/h3>\n<p style=\"text-align: justify;\"><span style=\"color: #000000;\">Voc\u00ea tamb\u00e9m nos ajuda divulgando nosso Projeto com seu amigos, familiares e conhecidos. Compartilhe nossas redes sociais e nossas publica\u00e7\u00f5es e nos auxilie a chegar a mais e mais pessoas!<\/span><\/p>\n<hr \/>\n<h3 style=\"text-align: center;\"><span style=\"color: #000000;\">REZANDO:<\/span><\/h3>\n<p style=\"text-align: justify;\"><span style=\"color: #000000;\">Cada ora\u00e7\u00e3o elevada a Deus por nosso apostolado j\u00e1 \u00e9 uma grande ajuda! Que Deus, pela intercess\u00e3o e interm\u00e9dio de Nossa Senhora e Santo Tom\u00e1s, nos guie neste caminho!<\/span><\/p>\n\n\n<div class=\"wp-block-uagb-separator uagb-block-f10a2201\"><div class=\"uagb-separator-spacing-wrapper\"><div class=\"wp-block-uagb-separator__inner\" style=\"--my-background-image:\"><\/div><\/div><\/div>\n","protected":false},"excerpt":{"rendered":"<p>Como nos ajudar Confira algumas formas de como nos ajudar na concretiza\u00e7\u00e3o de uma nova forma de educa\u00e7\u00e3o cat\u00f3lica em [&hellip;]<\/p>\n","protected":false},"author":2,"featured_media":8899,"parent":0,"menu_order":2,"comment_status":"closed","ping_status":"closed","template":"","meta":{"_editorskit_title_hidden":false,"_editorskit_reading_time":0,"_editorskit_is_block_options_detached":false,"_editorskit_block_options_position":"{}","_uag_custom_page_level_css":"","site-sidebar-layout":"default","site-content-layout":"","ast-site-content-layout":"","site-content-style":"default","site-sidebar-style":"default","ast-global-header-display":"","ast-banner-title-visibility":"","ast-main-header-display":"","ast-hfb-above-header-display":"","ast-hfb-below-header-display":"","ast-hfb-mobile-header-display":"","site-post-title":"","ast-breadcrumbs-content":"","ast-featured-img":"","footer-sml-layout":"","theme-transparent-header-meta":"","adv-header-id-meta":"","stick-header-meta":"","header-above-stick-meta":"","header-main-stick-meta":"","header-below-stick-meta":"","astra-migrate-meta-layouts":"default","ast-page-background-enabled":"default","ast-page-background-meta":{"desktop":{"background-color":"var(--ast-global-color-4)","background-image":"","background-repeat":"repeat","background-position":"center center","background-size":"auto","background-attachment":"scroll","background-type":"","background-media":"","overlay-type":"","overlay-color":"","overlay-gradient":""},"tablet":{"background-color":"","background-image":"","background-repeat":"repeat","background-position":"center center","background-size":"auto","background-attachment":"scroll","background-type":"","background-media":"","overlay-type":"","overlay-color":"","overlay-gradient":""},"mobile":{"background-color":"","background-image":"","background-repeat":"repeat","background-position":"center center","background-size":"auto","background-attachment":"scroll","background-type":"","background-media":"","overlay-type":"","overlay-color":"","overlay-gradient":""}},"ast-content-background-meta":{"desktop":{"background-color":"var(--ast-global-color-5)","background-image":"","background-repeat":"repeat","background-position":"center center","background-size":"auto","background-attachment":"scroll","background-type":"","background-media":"","overlay-type":"","overlay-color":"","overlay-gradient":""},"tablet":{"background-color":"var(--ast-global-color-5)","background-image":"","background-repeat":"repeat","background-position":"center center","background-size":"auto","background-attachment":"scroll","background-type":"","background-media":"","overlay-type":"","overlay-color":"","overlay-gradient":""},"mobile":{"background-color":"var(--ast-global-color-5)","background-image":"","background-repeat":"repeat","background-position":"center center","background-size":"auto","background-attachment":"scroll","background-type":"","background-media":"","overlay-type":"","overlay-color":"","overlay-gradient":""}},"footnotes":""},"class_list":["post-9227","page","type-page","status-publish","has-post-thumbnail","hentry"],"aioseo_notices":[],"uagb_featured_image_src":{"full":false,"thumbnail":false,"medium":false,"medium_large":false,"large":false,"1536x1536":false,"2048x2048":false},"uagb_author_info":{"display_name":"Colegio Santo Tomas","author_link":"https:\/\/colegiosantotomasuberlandia.org\/?author=2"},"uagb_comment_info":0,"uagb_excerpt":"Como nos ajudar Confira algumas formas de como nos ajudar na concretiza\u00e7\u00e3o de uma nova forma de educa\u00e7\u00e3o cat\u00f3lica em [&hellip;]","_links":{"self":[{"href":"https:\/\/colegiosantotomasuberlandia.org\/index.php?rest_route=\/wp\/v2\/pages\/9227","targetHints":{"allow":["GET"]}}],"collection":[{"href":"https:\/\/colegiosantotomasuberlandia.org\/index.php?rest_route=\/wp\/v2\/pages"}],"about":[{"href":"https:\/\/colegiosantotomasuberlandia.org\/index.php?rest_route=\/wp\/v2\/types\/page"}],"author":[{"embeddable":true,"href":"https:\/\/colegiosantotomasuberlandia.org\/index.php?rest_route=\/wp\/v2\/users\/2"}],"replies":[{"embeddable":true,"href":"https:\/\/colegiosantotomasuberlandia.org\/index.php?rest_route=%2Fwp%2Fv2%2Fcomments&post=9227"}],"version-history":[{"count":3,"href":"https:\/\/colegiosantotomasuberlandia.org\/index.php?rest_route=\/wp\/v2\/pages\/9227\/revisions"}],"predecessor-version":[{"id":9561,"href":"https:\/\/colegiosantotomasuberlandia.org\/index.php?rest_route=\/wp\/v2\/pages\/9227\/revisions\/9561"}],"wp:featuredmedia":[{"embeddable":true,"href":"https:\/\/colegiosantotomasuberlandia.org\/index.php?rest_route=\/"}],"wp:attachment":[{"href":"https:\/\/colegiosantotomasuberlandia.org\/index.php?rest_route=%2Fwp%2Fv2%2Fmedia&parent=9227"}],"curies":[{"name":"wp","href":"https:\/\/api.w.org\/{rel}","templated":true}]}}