{"id":9226,"date":"2019-01-19T22:08:10","date_gmt":"2019-01-20T00:08:10","guid":{"rendered":"https:\/\/colegiosantotomasuberlandia.org\/?page_id=2"},"modified":"2024-12-09T22:41:30","modified_gmt":"2024-12-10T01:41:30","slug":"quem-somos","status":"publish","type":"page","link":"https:\/\/colegiosantotomasuberlandia.org\/?page_id=9226","title":{"rendered":"Quem somos"},"content":{"rendered":"<h1>Quem somos<\/h1>\n<p style=\"text-align: justify;\">Em 2015, o Reverend\u00edssimo Padre Jos\u00e9 do Prado Leles, em companhia de quase duas dezenas de cat\u00f3licos uberlandenses, resolveu fundar a Irmandade de Nossa Senhora do Carmo, sob a forma de associa\u00e7\u00e3o civil, regida pelas leis brasileiras, e que teria por fim o sustento da Missa sob o Rito Romano Tradicional, dita de S\u00e3o Pio V, em Uberl\u00e2ndia e regi\u00e3o.<\/p>\n<p style=\"text-align: justify;\">Todavia, o intento era maior: as finalidades estatut\u00e1rias v\u00e3o desde o crescimento espiritual de seus membros at\u00e9 o exerc\u00edcio da caridade fraterna e, mais especificamente, a cria\u00e7\u00e3o de uma escola de ensino confessional, na qual se contemple o ensino regular com a oferta de aulas para a Educa\u00e7\u00e3o Infantil a crian\u00e7as de 3 a 5 anos.<\/p>\n<p style=\"text-align: justify;\">Com isso, em 2018 iniciamos o Projeto Col\u00e9gio Santo Tom\u00e1s de Aquino, cujo objetivo foi o de construir colaborativamente, em conjunto com a comunidade de pais, os objetivos almejados com a cria\u00e7\u00e3o do Projeto. Nele, foram realizados encontros para compor o projeto, com o intuito de arrecadar fundos, coletar informa\u00e7\u00f5es e formar os futuros educadores da institui\u00e7\u00e3o.<\/p>\n<p style=\"text-align: justify;\">Devido a consequ\u00eancias oriundas da Pandemia pela Covid-19, a diretoria de Educa\u00e7\u00e3o da Irmandade do Carmo advogou pela pausa do projeto. Em 2022, considerando a diminui\u00e7\u00e3o relevante de casos de Covid-19, a diretoria de Educa\u00e7\u00e3o retomou o Projeto, com o intuito de pedir a autoriza\u00e7\u00e3o para funcionamento do curso de Ensino Infantil, aprovada pela Superintend\u00eancia Regional de Ensino de Uberl\u00e2ndia em mar\u00e7o de 2023.<\/p>\n<p style=\"text-align: justify;\">Frente a isso, elegemos nossos principais objetivos enquanto institui\u00e7\u00e3o de ensino, a saber:<\/p>\n<p style=\"text-align: justify;\"><strong>MISS\u00c3O: <\/strong>Formar indiv\u00edduos virtuosos e intelectualmente capacitados por meio do ensino dos princ\u00edpios cat\u00f3licos e da boa ci\u00eancia.<\/p>\n<p style=\"text-align: justify;\"><strong>\u00a0VIS\u00c3O:\u00a0<\/strong>Por meio de uma Educa\u00e7\u00e3o Cl\u00e1ssica, atemporal e pautada nos valores crist\u00e3os, buscar-se-\u00e1 tornar-se uma institui\u00e7\u00e3o de excel\u00eancia que forme indiv\u00edduos comprometidos com os princ\u00edpios da F\u00e9 Cat\u00f3lica e capacitados intelectualmente para enfrentar os desafios impostos pela realidade.<\/p>\n<p><strong>VALORES:\u00a0<\/strong><br \/>\nDifus\u00e3o das Virtudes<br \/>\nBusca pela Verdade<br \/>\nEnsino de Excel\u00eancia<\/p>\n<h6>Venha nos conhecer!<\/h6>\n<p>Endere\u00e7o: Rua Rafael Rinaldi, 1485, Osvaldo Rezende, Uberl\u00e2ndia-MG.<br \/>\nTelefone\/WhatsApp: (34) 3257-5642<\/p>\n<p style=\"text-align: justify;\">O Col\u00e9gio Santo Tom\u00e1s de Aquino \u00e9 uma institui\u00e7\u00e3o que depende da a\u00e7\u00e3o de todos para o seu crescimento e manuten\u00e7\u00e3o.<\/p>\n<p style=\"text-align: justify;\">Ajude para que esse projeto se concretize!<\/p>\n<p><a><br \/>\nFALAR COM SECRETARIA<br \/>\n<\/a><\/p>\n","protected":false},"excerpt":{"rendered":"<p>Quem somos Em 2015, o Reverend\u00edssimo Padre Jos\u00e9 do Prado Leles, em companhia de quase duas dezenas de cat\u00f3licos uberlandenses, [&hellip;]<\/p>\n","protected":false},"author":2,"featured_media":0,"parent":0,"menu_order":1,"comment_status":"closed","ping_status":"closed","template":"","meta":{"_editorskit_title_hidden":false,"_editorskit_reading_time":0,"_editorskit_is_block_options_detached":false,"_editorskit_block_options_position":"{}","_uag_custom_page_level_css":"","site-sidebar-layout":"default","site-content-layout":"","ast-site-content-layout":"","site-content-style":"default","site-sidebar-style":"default","ast-global-header-display":"","ast-banner-title-visibility":"","ast-main-header-display":"","ast-hfb-above-header-display":"","ast-hfb-below-header-display":"","ast-hfb-mobile-header-display":"","site-post-title":"","ast-breadcrumbs-content":"","ast-featured-img":"","footer-sml-layout":"","theme-transparent-header-meta":"","adv-header-id-meta":"","stick-header-meta":"","header-above-stick-meta":"","header-main-stick-meta":"","header-below-stick-meta":"","astra-migrate-meta-layouts":"default","ast-page-background-enabled":"default","ast-page-background-meta":{"desktop":{"background-color":"var(--ast-global-color-4)","background-image":"","background-repeat":"repeat","background-position":"center center","background-size":"auto","background-attachment":"scroll","background-type":"","background-media":"","overlay-type":"","overlay-color":"","overlay-gradient":""},"tablet":{"background-color":"","background-image":"","background-repeat":"repeat","background-position":"center center","background-size":"auto","background-attachment":"scroll","background-type":"","background-media":"","overlay-type":"","overlay-color":"","overlay-gradient":""},"mobile":{"background-color":"","background-image":"","background-repeat":"repeat","background-position":"center center","background-size":"auto","background-attachment":"scroll","background-type":"","background-media":"","overlay-type":"","overlay-color":"","overlay-gradient":""}},"ast-content-background-meta":{"desktop":{"background-color":"var(--ast-global-color-5)","background-image":"","background-repeat":"repeat","background-position":"center center","background-size":"auto","background-attachment":"scroll","background-type":"","background-media":"","overlay-type":"","overlay-color":"","overlay-gradient":""},"tablet":{"background-color":"var(--ast-global-color-5)","background-image":"","background-repeat":"repeat","background-position":"center center","background-size":"auto","background-attachment":"scroll","background-type":"","background-media":"","overlay-type":"","overlay-color":"","overlay-gradient":""},"mobile":{"background-color":"var(--ast-global-color-5)","background-image":"","background-repeat":"repeat","background-position":"center center","background-size":"auto","background-attachment":"scroll","background-type":"","background-media":"","overlay-type":"","overlay-color":"","overlay-gradient":""}},"footnotes":""},"class_list":["post-9226","page","type-page","status-publish","hentry"],"aioseo_notices":[],"uagb_featured_image_src":{"full":false,"thumbnail":false,"medium":false,"medium_large":false,"large":false,"1536x1536":false,"2048x2048":false},"uagb_author_info":{"display_name":"Colegio Santo Tomas","author_link":"https:\/\/colegiosantotomasuberlandia.org\/?author=2"},"uagb_comment_info":0,"uagb_excerpt":"Quem somos Em 2015, o Reverend\u00edssimo Padre Jos\u00e9 do Prado Leles, em companhia de quase duas dezenas de cat\u00f3licos uberlandenses, [&hellip;]","_links":{"self":[{"href":"https:\/\/colegiosantotomasuberlandia.org\/index.php?rest_route=\/wp\/v2\/pages\/9226","targetHints":{"allow":["GET"]}}],"collection":[{"href":"https:\/\/colegiosantotomasuberlandia.org\/index.php?rest_route=\/wp\/v2\/pages"}],"about":[{"href":"https:\/\/colegiosantotomasuberlandia.org\/index.php?rest_route=\/wp\/v2\/types\/page"}],"author":[{"embeddable":true,"href":"https:\/\/colegiosantotomasuberlandia.org\/index.php?rest_route=\/wp\/v2\/users\/2"}],"replies":[{"embeddable":true,"href":"https:\/\/colegiosantotomasuberlandia.org\/index.php?rest_route=%2Fwp%2Fv2%2Fcomments&post=9226"}],"version-history":[{"count":7,"href":"https:\/\/colegiosantotomasuberlandia.org\/index.php?rest_route=\/wp\/v2\/pages\/9226\/revisions"}],"predecessor-version":[{"id":9501,"href":"https:\/\/colegiosantotomasuberlandia.org\/index.php?rest_route=\/wp\/v2\/pages\/9226\/revisions\/9501"}],"wp:attachment":[{"href":"https:\/\/colegiosantotomasuberlandia.org\/index.php?rest_route=%2Fwp%2Fv2%2Fmedia&parent=9226"}],"curies":[{"name":"wp","href":"https:\/\/api.w.org\/{rel}","templated":true}]}}